{"id":1383,"date":"2025-05-29T12:40:07","date_gmt":"2025-05-29T10:40:07","guid":{"rendered":"https:\/\/castellgranadella.com\/?page_id=1383"},"modified":"2025-07-08T11:48:31","modified_gmt":"2025-07-08T09:48:31","slug":"reservar-ahora","status":"publish","type":"page","link":"https:\/\/castellgranadella.com\/ca\/reservar-ahora","title":{"rendered":"Reservar ara"},"content":{"rendered":"<div data-elementor-type=\"wp-page\" data-elementor-id=\"1383\" class=\"elementor elementor-1383\" data-elementor-post-type=\"page\">\n\t\t\t\t<div class=\"elementor-element elementor-element-d636eeb e-grid e-con-boxed e-con e-parent\" data-id=\"d636eeb\" data-element_type=\"container\">\n\t\t\t\t\t<div class=\"e-con-inner\">\n\t\t\t\t<div class=\"elementor-element elementor-element-4cef5d4 elementor-widget elementor-widget-image\" data-id=\"4cef5d4\" data-element_type=\"widget\" data-widget_type=\"image.default\">\n\t\t\t\t<div class=\"elementor-widget-container\">\n\t\t\t\t\t\t\t\t\t\t\t\t\t\t\t\t<a href=\"https:\/\/castellgranadella.com\/wp-content\/uploads\/2025\/07\/reservar-slider-01.jpg\" data-elementor-open-lightbox=\"yes\" data-elementor-lightbox-title=\"reservar-slider-01\" data-e-action-hash=\"#elementor-action%3Aaction%3Dlightbox%26settings%3DeyJpZCI6MTQwMSwidXJsIjoiaHR0cHM6XC9cL2Nhc3RlbGxncmFuYWRlbGxhLmNvbVwvd3AtY29udGVudFwvdXBsb2Fkc1wvMjAyNVwvMDdcL3Jlc2VydmFyLXNsaWRlci0wMS5qcGcifQ%3D%3D\">\n\t\t\t\t\t\t\t<img fetchpriority=\"high\" decoding=\"async\" width=\"768\" height=\"323\" src=\"https:\/\/castellgranadella.com\/wp-content\/uploads\/2025\/07\/reservar-slider-01-768x323.jpg\" class=\"attachment-medium_large size-medium_large wp-image-1401\" alt=\"Casa desde la piscina\" srcset=\"https:\/\/castellgranadella.com\/wp-content\/uploads\/2025\/07\/reservar-slider-01-768x323.jpg 768w, https:\/\/castellgranadella.com\/wp-content\/uploads\/2025\/07\/reservar-slider-01-300x126.jpg 300w, https:\/\/castellgranadella.com\/wp-content\/uploads\/2025\/07\/reservar-slider-01-1024x431.jpg 1024w, https:\/\/castellgranadella.com\/wp-content\/uploads\/2025\/07\/reservar-slider-01-18x8.jpg 18w, https:\/\/castellgranadella.com\/wp-content\/uploads\/2025\/07\/reservar-slider-01.jpg 1140w\" sizes=\"(max-width: 768px) 100vw, 768px\" \/>\t\t\t\t\t\t\t\t<\/a>\n\t\t\t\t\t\t\t\t\t\t\t\t\t\t\t<\/div>\n\t\t\t\t<\/div>\n\t\t\t\t<div class=\"elementor-element elementor-element-2494858 elementor-hidden-mobile elementor-widget elementor-widget-image\" data-id=\"2494858\" data-element_type=\"widget\" data-widget_type=\"image.default\">\n\t\t\t\t<div class=\"elementor-widget-container\">\n\t\t\t\t\t\t\t\t\t\t\t\t\t\t\t\t<a href=\"https:\/\/castellgranadella.com\/wp-content\/uploads\/2025\/07\/reservar-slider-02.jpg\" data-elementor-open-lightbox=\"yes\" data-elementor-lightbox-title=\"reservar-slider-02\" data-e-action-hash=\"#elementor-action%3Aaction%3Dlightbox%26settings%3DeyJpZCI6MTQwMiwidXJsIjoiaHR0cHM6XC9cL2Nhc3RlbGxncmFuYWRlbGxhLmNvbVwvd3AtY29udGVudFwvdXBsb2Fkc1wvMjAyNVwvMDdcL3Jlc2VydmFyLXNsaWRlci0wMi5qcGcifQ%3D%3D\">\n\t\t\t\t\t\t\t<img decoding=\"async\" width=\"768\" height=\"323\" data-src=\"https:\/\/castellgranadella.com\/wp-content\/uploads\/2025\/07\/reservar-slider-02-768x323.jpg\" class=\"attachment-medium_large size-medium_large wp-image-1402 lazyload\" alt=\"Piscina con zona de tumbonas\" data-srcset=\"https:\/\/castellgranadella.com\/wp-content\/uploads\/2025\/07\/reservar-slider-02-768x323.jpg 768w, https:\/\/castellgranadella.com\/wp-content\/uploads\/2025\/07\/reservar-slider-02-300x126.jpg 300w, https:\/\/castellgranadella.com\/wp-content\/uploads\/2025\/07\/reservar-slider-02-1024x431.jpg 1024w, https:\/\/castellgranadella.com\/wp-content\/uploads\/2025\/07\/reservar-slider-02-18x8.jpg 18w, https:\/\/castellgranadella.com\/wp-content\/uploads\/2025\/07\/reservar-slider-02.jpg 1140w\" data-sizes=\"(max-width: 768px) 100vw, 768px\" src=\"data:image\/svg+xml;base64,PHN2ZyB3aWR0aD0iMSIgaGVpZ2h0PSIxIiB4bWxucz0iaHR0cDovL3d3dy53My5vcmcvMjAwMC9zdmciPjwvc3ZnPg==\" style=\"--smush-placeholder-width: 768px; --smush-placeholder-aspect-ratio: 768\/323;\" \/>\t\t\t\t\t\t\t\t<\/a>\n\t\t\t\t\t\t\t\t\t\t\t\t\t\t\t<\/div>\n\t\t\t\t<\/div>\n\t\t\t\t<div class=\"elementor-element elementor-element-b56a366 elementor-hidden-mobile elementor-widget elementor-widget-image\" data-id=\"b56a366\" data-element_type=\"widget\" data-widget_type=\"image.default\">\n\t\t\t\t<div class=\"elementor-widget-container\">\n\t\t\t\t\t\t\t\t\t\t\t\t\t\t\t\t<a href=\"https:\/\/castellgranadella.com\/wp-content\/uploads\/2025\/07\/reservar-slider-05.jpg\" data-elementor-open-lightbox=\"yes\" data-elementor-lightbox-title=\"reservar-slider-05\" data-e-action-hash=\"#elementor-action%3Aaction%3Dlightbox%26settings%3DeyJpZCI6MTQwNSwidXJsIjoiaHR0cHM6XC9cL2Nhc3RlbGxncmFuYWRlbGxhLmNvbVwvd3AtY29udGVudFwvdXBsb2Fkc1wvMjAyNVwvMDdcL3Jlc2VydmFyLXNsaWRlci0wNS5qcGcifQ%3D%3D\">\n\t\t\t\t\t\t\t<img decoding=\"async\" width=\"768\" height=\"323\" data-src=\"https:\/\/castellgranadella.com\/wp-content\/uploads\/2025\/07\/reservar-slider-05-768x323.jpg\" class=\"attachment-medium_large size-medium_large wp-image-1405 lazyload\" alt=\"Mesa cl\u00e1sica con candelabro y cuadro\" data-srcset=\"https:\/\/castellgranadella.com\/wp-content\/uploads\/2025\/07\/reservar-slider-05-768x323.jpg 768w, https:\/\/castellgranadella.com\/wp-content\/uploads\/2025\/07\/reservar-slider-05-300x126.jpg 300w, https:\/\/castellgranadella.com\/wp-content\/uploads\/2025\/07\/reservar-slider-05-1024x431.jpg 1024w, https:\/\/castellgranadella.com\/wp-content\/uploads\/2025\/07\/reservar-slider-05-18x8.jpg 18w, https:\/\/castellgranadella.com\/wp-content\/uploads\/2025\/07\/reservar-slider-05.jpg 1140w\" data-sizes=\"(max-width: 768px) 100vw, 768px\" src=\"data:image\/svg+xml;base64,PHN2ZyB3aWR0aD0iMSIgaGVpZ2h0PSIxIiB4bWxucz0iaHR0cDovL3d3dy53My5vcmcvMjAwMC9zdmciPjwvc3ZnPg==\" style=\"--smush-placeholder-width: 768px; --smush-placeholder-aspect-ratio: 768\/323;\" \/>\t\t\t\t\t\t\t\t<\/a>\n\t\t\t\t\t\t\t\t\t\t\t\t\t\t\t<\/div>\n\t\t\t\t<\/div>\n\t\t\t\t<div class=\"elementor-element elementor-element-90a9c25 elementor-hidden-mobile elementor-widget elementor-widget-image\" data-id=\"90a9c25\" data-element_type=\"widget\" data-widget_type=\"image.default\">\n\t\t\t\t<div class=\"elementor-widget-container\">\n\t\t\t\t\t\t\t\t\t\t\t\t\t\t\t\t<a href=\"https:\/\/castellgranadella.com\/wp-content\/uploads\/2025\/07\/reservar-slider-03.jpg\" data-elementor-open-lightbox=\"yes\" data-elementor-lightbox-title=\"reservar-slider-03\" data-e-action-hash=\"#elementor-action%3Aaction%3Dlightbox%26settings%3DeyJpZCI6MTQwMywidXJsIjoiaHR0cHM6XC9cL2Nhc3RlbGxncmFuYWRlbGxhLmNvbVwvd3AtY29udGVudFwvdXBsb2Fkc1wvMjAyNVwvMDdcL3Jlc2VydmFyLXNsaWRlci0wMy5qcGcifQ%3D%3D\">\n\t\t\t\t\t\t\t<img decoding=\"async\" width=\"768\" height=\"323\" data-src=\"https:\/\/castellgranadella.com\/wp-content\/uploads\/2025\/07\/reservar-slider-03-768x323.jpg\" class=\"attachment-medium_large size-medium_large wp-image-1403 lazyload\" alt=\"Habitaci\u00f3n se\u00f1orial\" data-srcset=\"https:\/\/castellgranadella.com\/wp-content\/uploads\/2025\/07\/reservar-slider-03-768x323.jpg 768w, https:\/\/castellgranadella.com\/wp-content\/uploads\/2025\/07\/reservar-slider-03-300x126.jpg 300w, https:\/\/castellgranadella.com\/wp-content\/uploads\/2025\/07\/reservar-slider-03-1024x431.jpg 1024w, https:\/\/castellgranadella.com\/wp-content\/uploads\/2025\/07\/reservar-slider-03-18x8.jpg 18w, https:\/\/castellgranadella.com\/wp-content\/uploads\/2025\/07\/reservar-slider-03.jpg 1140w\" data-sizes=\"(max-width: 768px) 100vw, 768px\" src=\"data:image\/svg+xml;base64,PHN2ZyB3aWR0aD0iMSIgaGVpZ2h0PSIxIiB4bWxucz0iaHR0cDovL3d3dy53My5vcmcvMjAwMC9zdmciPjwvc3ZnPg==\" style=\"--smush-placeholder-width: 768px; --smush-placeholder-aspect-ratio: 768\/323;\" \/>\t\t\t\t\t\t\t\t<\/a>\n\t\t\t\t\t\t\t\t\t\t\t\t\t\t\t<\/div>\n\t\t\t\t<\/div>\n\t\t\t\t<div class=\"elementor-element elementor-element-a1e4674 elementor-hidden-mobile elementor-widget elementor-widget-image\" data-id=\"a1e4674\" data-element_type=\"widget\" data-widget_type=\"image.default\">\n\t\t\t\t<div class=\"elementor-widget-container\">\n\t\t\t\t\t\t\t\t\t\t\t\t\t\t\t\t<a href=\"https:\/\/castellgranadella.com\/wp-content\/uploads\/2025\/07\/reservar-slider-04.jpg\" data-elementor-open-lightbox=\"yes\" data-elementor-lightbox-title=\"reservar-slider-04\" data-e-action-hash=\"#elementor-action%3Aaction%3Dlightbox%26settings%3DeyJpZCI6MTQwNCwidXJsIjoiaHR0cHM6XC9cL2Nhc3RlbGxncmFuYWRlbGxhLmNvbVwvd3AtY29udGVudFwvdXBsb2Fkc1wvMjAyNVwvMDdcL3Jlc2VydmFyLXNsaWRlci0wNC5qcGcifQ%3D%3D\">\n\t\t\t\t\t\t\t<img decoding=\"async\" width=\"768\" height=\"323\" data-src=\"https:\/\/castellgranadella.com\/wp-content\/uploads\/2025\/07\/reservar-slider-04-768x323.jpg\" class=\"attachment-medium_large size-medium_large wp-image-1404 lazyload\" alt=\"Habitaci\u00f3n con pared de piedra\" data-srcset=\"https:\/\/castellgranadella.com\/wp-content\/uploads\/2025\/07\/reservar-slider-04-768x323.jpg 768w, https:\/\/castellgranadella.com\/wp-content\/uploads\/2025\/07\/reservar-slider-04-300x126.jpg 300w, https:\/\/castellgranadella.com\/wp-content\/uploads\/2025\/07\/reservar-slider-04-1024x431.jpg 1024w, https:\/\/castellgranadella.com\/wp-content\/uploads\/2025\/07\/reservar-slider-04-18x8.jpg 18w, https:\/\/castellgranadella.com\/wp-content\/uploads\/2025\/07\/reservar-slider-04.jpg 1140w\" data-sizes=\"(max-width: 768px) 100vw, 768px\" src=\"data:image\/svg+xml;base64,PHN2ZyB3aWR0aD0iMSIgaGVpZ2h0PSIxIiB4bWxucz0iaHR0cDovL3d3dy53My5vcmcvMjAwMC9zdmciPjwvc3ZnPg==\" style=\"--smush-placeholder-width: 768px; --smush-placeholder-aspect-ratio: 768\/323;\" \/>\t\t\t\t\t\t\t\t<\/a>\n\t\t\t\t\t\t\t\t\t\t\t\t\t\t\t<\/div>\n\t\t\t\t<\/div>\n\t\t\t\t<div class=\"elementor-element elementor-element-7867bef elementor-hidden-mobile elementor-widget elementor-widget-image\" data-id=\"7867bef\" data-element_type=\"widget\" data-widget_type=\"image.default\">\n\t\t\t\t<div class=\"elementor-widget-container\">\n\t\t\t\t\t\t\t\t\t\t\t\t\t\t\t\t<a href=\"https:\/\/castellgranadella.com\/wp-content\/uploads\/2025\/07\/reservar-slider-07.jpg\" data-elementor-open-lightbox=\"yes\" data-elementor-lightbox-title=\"reservar-slider-07\" data-e-action-hash=\"#elementor-action%3Aaction%3Dlightbox%26settings%3DeyJpZCI6MTQwNywidXJsIjoiaHR0cHM6XC9cL2Nhc3RlbGxncmFuYWRlbGxhLmNvbVwvd3AtY29udGVudFwvdXBsb2Fkc1wvMjAyNVwvMDdcL3Jlc2VydmFyLXNsaWRlci0wNy5qcGcifQ%3D%3D\">\n\t\t\t\t\t\t\t<img decoding=\"async\" width=\"768\" height=\"323\" data-src=\"https:\/\/castellgranadella.com\/wp-content\/uploads\/2025\/07\/reservar-slider-07-768x323.jpg\" class=\"attachment-medium_large size-medium_large wp-image-1407 lazyload\" alt=\"Desayuno completo\" data-srcset=\"https:\/\/castellgranadella.com\/wp-content\/uploads\/2025\/07\/reservar-slider-07-768x323.jpg 768w, https:\/\/castellgranadella.com\/wp-content\/uploads\/2025\/07\/reservar-slider-07-300x126.jpg 300w, https:\/\/castellgranadella.com\/wp-content\/uploads\/2025\/07\/reservar-slider-07-1024x431.jpg 1024w, https:\/\/castellgranadella.com\/wp-content\/uploads\/2025\/07\/reservar-slider-07-18x8.jpg 18w, https:\/\/castellgranadella.com\/wp-content\/uploads\/2025\/07\/reservar-slider-07.jpg 1140w\" data-sizes=\"(max-width: 768px) 100vw, 768px\" src=\"data:image\/svg+xml;base64,PHN2ZyB3aWR0aD0iMSIgaGVpZ2h0PSIxIiB4bWxucz0iaHR0cDovL3d3dy53My5vcmcvMjAwMC9zdmciPjwvc3ZnPg==\" style=\"--smush-placeholder-width: 768px; --smush-placeholder-aspect-ratio: 768\/323;\" \/>\t\t\t\t\t\t\t\t<\/a>\n\t\t\t\t\t\t\t\t\t\t\t\t\t\t\t<\/div>\n\t\t\t\t<\/div>\n\t\t\t\t\t<\/div>\n\t\t\t\t<\/div>\n\t\t<div class=\"elementor-element elementor-element-8a152f1 e-flex e-con-boxed e-con e-parent\" data-id=\"8a152f1\" data-element_type=\"container\">\n\t\t\t\t\t<div class=\"e-con-inner\">\n\t\t<div class=\"elementor-element elementor-element-3467722 e-con-full e-flex e-con e-child\" data-id=\"3467722\" data-element_type=\"container\">\n\t\t\t\t<div class=\"elementor-element elementor-element-3652aef elementor-widget elementor-widget-heading\" data-id=\"3652aef\" data-element_type=\"widget\" data-widget_type=\"heading.default\">\n\t\t\t\t<div class=\"elementor-widget-container\">\n\t\t\t\t\t<h2 class=\"elementor-heading-title elementor-size-default\">Reserva ahora<\/h2>\t\t\t\t<\/div>\n\t\t\t\t<\/div>\n\t\t\t\t<div class=\"elementor-element elementor-element-66861f7 elementor-widget elementor-widget-text-editor\" data-id=\"66861f7\" data-element_type=\"widget\" data-widget_type=\"text-editor.default\">\n\t\t\t\t<div class=\"elementor-widget-container\">\n\t\t\t\t\t\t\t\t\t<p>Introduce una fecha y el n\u00famero de personas.<\/p><p>Ver\u00e1s el listado de habitaciones disponibles en las fechas seleccionadas y podr\u00e1s completar tu reserva.<\/p>\t\t\t\t\t\t\t\t<\/div>\n\t\t\t\t<\/div>\n\t\t\t\t<\/div>\n\t\t<div class=\"elementor-element elementor-element-0fe1523 e-con-full e-flex e-con e-child\" data-id=\"0fe1523\" data-element_type=\"container\">\n\t\t\t\t<div class=\"elementor-element elementor-element-de5cc60 elementor-widget elementor-widget-shortcode\" data-id=\"de5cc60\" data-element_type=\"widget\" data-widget_type=\"shortcode.default\">\n\t\t\t\t<div class=\"elementor-widget-container\">\n\t\t\t\t\t\t\t<div class=\"elementor-shortcode\">\n<!-- MISTERPLAN PLUGIN 1.1.44-->\n<!-- MISTERPLAN PLUGIN MOTOR TIPO 1 ID ELEMENTO 584749 DESTINO 1 PV 9028-->\n    <script nowprocket async type=\"text\/javascript\" src=\"https:\/\/www.mrplan.es\/experiencias\/modulos\/TWidget\/lib\/TWidgetInc.php?id_casa=584749&source_plugin=MrPlanPlugin&web_plugin=https%3A%2F%2Fcastellgranadella.com%2Fca%2Freservar-ahora&cod_habitacion=571136-143\"><\/script>\n<div id=\"MrPlanPlugin_MotorScript\"><\/div>\n<div class=\"MrPlanPlugin_MotorContainer MrPlanPlugin_MotorContainer_1\" >\n\n\t<div nowprocket id=\"TEwsBuscadorB-1-1-584749-\" \n\t\tclass=\"TEwsWidgetInc capa_izq ancho_total\"\n\t\ttews_id_idioma=\"0\"\n        url_confirmacion=\"https:\/\/castellgranadella.com\/ca\/confirmacion-de-reserva\"\t\t\n        tews_id_elemento=\"584749\"\n        tews_tipo_elemento=\"1\"\n        tews_hash=\"71b92ba79c8151a58f93a3ee5a7f2e538e769691\"\n        tews_id_destino=\"1\"\n        tews_id_puntoventa=\"9028\"\n        tews_autoload=\"1\"\n        tews_fecha_ini=\"\"\n        tews_n_noches=\"1\"\n        tews_visualfilteroccupancy=\"0\" \n        w_contenido=\"completa\"\n\t\tbudgetv=\"2\" \n        mini_preview_v=\"2\" \n        tews_onsearch=\"\" \n        tews_version=\"12\" \n        tews_tipo_widget=\"1\" \n        bv7_tipo_inicio=\"0\" \n        bv7_cambio_inicio=\"0\" \n        tews_quitar_cabecera=\"0\" \n        tews_iniciar_cerrado=\"0\" \n        tews_bus_texto=\"0\" \n        tews_sel_dispo=\"1\" \n        tews_form_contacto=\"0\"  \n        tews_result_in_esl=\"0\" \n        tews_result_in_ext=\"0\" \n        tews_cerrar_buscar=\"0\" \n        tews_ver_resto_casas=\"0\" \n        tews_activar_mas_menos=\"1\" \n        tews_posicion=\"original\" \n        tews_formato=\"2\" \n        tews_formato_ficha=\"10\" \n        tews_coresearch_v=\"7\"  \n        tews_id_categoria=\"0\" \n        tews_modo=\"RES\"  \n        tews_radio=\"0\"\n        tesw_filtro_exp=\"\" \n        tews_filtro_casa=\"\" \n                tews_cod_habitacion=\"584749-0\"\n                tewsresultadocoresearch=\"TEwsResultCoreSearch-1-1-584749-\" \n        alt=\"MisterPlan  - Powered by RuralGest  - http:\/\/www.misterplan.es\" \n\t\ttitle_no=\"MisterPlan  - Powered by RuralGest \"\n\t>\n        <div class=\"TMrPlanPlugin_Loading\">\n            <img decoding=\"async\" data-src=\"https:\/\/castellgranadella.com\/wp-content\/plugins\/misterplan\/assets\/images\/loading.svg\" src=\"data:image\/svg+xml;base64,PHN2ZyB3aWR0aD0iMSIgaGVpZ2h0PSIxIiB4bWxucz0iaHR0cDovL3d3dy53My5vcmcvMjAwMC9zdmciPjwvc3ZnPg==\" class=\"lazyload\">\n        <\/div>\n    <\/div>\n    <div id=\"TEwsResultCoreSearch-1-1-584749-\" class=\"capa_izq TEwsBuscador_Experiencias_evnt\" style=\"width: 100%; margin-top: 20px;\" ><\/div> \n<\/div>\n<\/div>\n\t\t\t\t\t\t<\/div>\n\t\t\t\t<\/div>\n\t\t\t\t<\/div>\n\t\t\t\t\t<\/div>\n\t\t\t\t<\/div>\n\t\t\t\t<\/div>","protected":false},"excerpt":{"rendered":"<p>Reserva ahora Introduce una fecha y el n\u00famero de personas. Ver\u00e1s el listado de habitaciones disponibles en las fechas seleccionadas y podr\u00e1s completar tu reserva.<\/p>","protected":false},"author":2,"featured_media":0,"parent":0,"menu_order":0,"comment_status":"closed","ping_status":"closed","template":"elementor_header_footer","meta":{"footnotes":""},"class_list":["post-1383","page","type-page","status-publish"],"_links":{"self":[{"href":"https:\/\/castellgranadella.com\/ca\/wp-json\/wp\/v2\/pages\/1383","targetHints":{"allow":["GET"]}}],"collection":[{"href":"https:\/\/castellgranadella.com\/ca\/wp-json\/wp\/v2\/pages"}],"about":[{"href":"https:\/\/castellgranadella.com\/ca\/wp-json\/wp\/v2\/types\/page"}],"author":[{"embeddable":true,"href":"https:\/\/castellgranadella.com\/ca\/wp-json\/wp\/v2\/users\/2"}],"replies":[{"embeddable":true,"href":"https:\/\/castellgranadella.com\/ca\/wp-json\/wp\/v2\/comments?post=1383"}],"version-history":[{"count":10,"href":"https:\/\/castellgranadella.com\/ca\/wp-json\/wp\/v2\/pages\/1383\/revisions"}],"predecessor-version":[{"id":1428,"href":"https:\/\/castellgranadella.com\/ca\/wp-json\/wp\/v2\/pages\/1383\/revisions\/1428"}],"wp:attachment":[{"href":"https:\/\/castellgranadella.com\/ca\/wp-json\/wp\/v2\/media?parent=1383"}],"curies":[{"name":"wp","href":"https:\/\/api.w.org\/{rel}","templated":true}]}}