{"id":1240,"date":"2024-05-29T12:10:56","date_gmt":"2024-05-29T10:10:56","guid":{"rendered":"https:\/\/castellgranadella.com\/?page_id=1240"},"modified":"2025-08-28T12:03:14","modified_gmt":"2025-08-28T10:03:14","slug":"sobre-el-castillo","status":"publish","type":"page","link":"https:\/\/castellgranadella.com\/ca\/sobre-el-castillo","title":{"rendered":"Sobre el castell"},"content":{"rendered":"<div data-elementor-type=\"wp-page\" data-elementor-id=\"1240\" class=\"elementor elementor-1240\" data-elementor-post-type=\"page\">\n\t\t\t\t\t\t<section class=\"elementor-section elementor-top-section elementor-element elementor-element-1c98336 elementor-section-boxed elementor-section-height-default elementor-section-height-default\" data-id=\"1c98336\" data-element_type=\"section\">\n\t\t\t\t\t\t<div class=\"elementor-container elementor-column-gap-default\">\n\t\t\t\t\t<div class=\"elementor-column elementor-col-100 elementor-top-column elementor-element elementor-element-a91f443\" data-id=\"a91f443\" data-element_type=\"column\">\n\t\t\t<div class=\"elementor-widget-wrap elementor-element-populated\">\n\t\t\t\t\t\t<div class=\"elementor-element elementor-element-9f32805 elementor-widget elementor-widget-heading\" data-id=\"9f32805\" data-element_type=\"widget\" data-widget_type=\"heading.default\">\n\t\t\t\t<div class=\"elementor-widget-container\">\n\t\t\t\t\t<h1 class=\"elementor-heading-title elementor-size-default\">Castell Granadella, hotel rural a un castell<span style=\"font-style: inherit\"><\/span><br><\/h1>\t\t\t\t<\/div>\n\t\t\t\t<\/div>\n\t\t\t\t<div class=\"elementor-element elementor-element-2a14487 elementor-widget elementor-widget-heading\" data-id=\"2a14487\" data-element_type=\"widget\" data-widget_type=\"heading.default\">\n\t\t\t\t<div class=\"elementor-widget-container\">\n\t\t\t\t\t<h2 class=\"elementor-heading-title elementor-size-default\">Castell Granadella \u00e9s un projecte familiar de restauraci\u00f3 d'una casa senyorial ubicada en un fragment d'un antic castell del segle XII. L'hem restaurat meticulosament perqu\u00e8 puguis viure l'experi\u00e8ncia d'allotjar-t'hi mentre visites el meravell\u00f3s paratge natural del Delta de l'Ebre.<\/h2>\t\t\t\t<\/div>\n\t\t\t\t<\/div>\n\t\t\t\t\t<\/div>\n\t\t<\/div>\n\t\t\t\t\t<\/div>\n\t\t<\/section>\n\t\t\t\t<section class=\"elementor-section elementor-top-section elementor-element elementor-element-ea0141d elementor-section-boxed elementor-section-height-default elementor-section-height-default\" data-id=\"ea0141d\" data-element_type=\"section\" data-settings=\"{&quot;background_background&quot;:&quot;classic&quot;}\">\n\t\t\t\t\t\t<div class=\"elementor-container elementor-column-gap-default\">\n\t\t\t\t\t<div class=\"elementor-column elementor-col-50 elementor-top-column elementor-element elementor-element-12a24c4e\" data-id=\"12a24c4e\" data-element_type=\"column\">\n\t\t\t<div class=\"elementor-widget-wrap elementor-element-populated\">\n\t\t\t\t\t\t<div class=\"elementor-element elementor-element-f8f3c94 elementor-arrows-position-inside elementor-pagination-position-outside elementor-widget elementor-widget-global elementor-global-1469 elementor-widget-image-carousel\" data-id=\"f8f3c94\" data-element_type=\"widget\" data-settings=\"{&quot;slides_to_show&quot;:&quot;1&quot;,&quot;lazyload&quot;:&quot;yes&quot;,&quot;navigation&quot;:&quot;both&quot;,&quot;autoplay&quot;:&quot;yes&quot;,&quot;pause_on_hover&quot;:&quot;yes&quot;,&quot;pause_on_interaction&quot;:&quot;yes&quot;,&quot;autoplay_speed&quot;:5000,&quot;infinite&quot;:&quot;yes&quot;,&quot;effect&quot;:&quot;slide&quot;,&quot;speed&quot;:500}\" data-widget_type=\"image-carousel.default\">\n\t\t\t\t<div class=\"elementor-widget-container\">\n\t\t\t\t\t\t\t<div class=\"elementor-image-carousel-wrapper swiper\" role=\"region\" aria-roledescription=\"carousel\" aria-label=\"Carrusel de im\u00e1genes\" dir=\"ltr\">\n\t\t\t<div class=\"elementor-image-carousel swiper-wrapper swiper-image-stretch\" aria-live=\"off\">\n\t\t\t\t\t\t\t\t<div class=\"swiper-slide\" role=\"group\" aria-roledescription=\"slide\" aria-label=\"1 de 9\"><a data-elementor-open-lightbox=\"yes\" data-elementor-lightbox-slideshow=\"f8f3c94\" data-elementor-lightbox-title=\"inicio-hotel-01\" data-e-action-hash=\"#elementor-action%3Aaction%3Dlightbox%26settings%3DeyJpZCI6MTQ0MiwidXJsIjoiaHR0cHM6XC9cL2Nhc3RlbGxncmFuYWRlbGxhLmNvbVwvd3AtY29udGVudFwvdXBsb2Fkc1wvMjAyNVwvMDhcL2luaWNpby1ob3RlbC0wMS5qcGciLCJzbGlkZXNob3ciOiJmOGYzYzk0In0%3D\" href=\"https:\/\/castellgranadella.com\/wp-content\/uploads\/2025\/08\/inicio-hotel-01.jpg\"><figure class=\"swiper-slide-inner\"><img class=\"swiper-slide-image swiper-lazy\" data-src=\"https:\/\/castellgranadella.com\/wp-content\/uploads\/2025\/08\/inicio-hotel-01.jpg\" alt=\"inicio-hotel-01\" \/><div class=\"swiper-lazy-preloader\"><\/div><\/figure><\/a><\/div><div class=\"swiper-slide\" role=\"group\" aria-roledescription=\"slide\" aria-label=\"2 de 9\"><a data-elementor-open-lightbox=\"yes\" data-elementor-lightbox-slideshow=\"f8f3c94\" data-elementor-lightbox-title=\"inicio-hotel-02\" data-e-action-hash=\"#elementor-action%3Aaction%3Dlightbox%26settings%3DeyJpZCI6MTQ0MywidXJsIjoiaHR0cHM6XC9cL2Nhc3RlbGxncmFuYWRlbGxhLmNvbVwvd3AtY29udGVudFwvdXBsb2Fkc1wvMjAyNVwvMDhcL2luaWNpby1ob3RlbC0wMi5qcGciLCJzbGlkZXNob3ciOiJmOGYzYzk0In0%3D\" href=\"https:\/\/castellgranadella.com\/wp-content\/uploads\/2025\/08\/inicio-hotel-02.jpg\"><figure class=\"swiper-slide-inner\"><img class=\"swiper-slide-image swiper-lazy\" data-src=\"https:\/\/castellgranadella.com\/wp-content\/uploads\/2025\/08\/inicio-hotel-02.jpg\" alt=\"inicio-hotel-02\" \/><div class=\"swiper-lazy-preloader\"><\/div><\/figure><\/a><\/div><div class=\"swiper-slide\" role=\"group\" aria-roledescription=\"slide\" aria-label=\"3 de 9\"><a data-elementor-open-lightbox=\"yes\" data-elementor-lightbox-slideshow=\"f8f3c94\" data-elementor-lightbox-title=\"7-0 Comedor\" data-e-action-hash=\"#elementor-action%3Aaction%3Dlightbox%26settings%3DeyJpZCI6NDk4LCJ1cmwiOiJodHRwczpcL1wvY2FzdGVsbGdyYW5hZGVsbGEuY29tXC93cC1jb250ZW50XC91cGxvYWRzXC8yMDIyXC8wMlwvNy0wLUNvbWVkb3IuanBnIiwic2xpZGVzaG93IjoiZjhmM2M5NCJ9\" href=\"https:\/\/castellgranadella.com\/wp-content\/uploads\/2022\/02\/7-0-Comedor.jpg\"><figure class=\"swiper-slide-inner\"><img class=\"swiper-slide-image swiper-lazy\" data-src=\"https:\/\/castellgranadella.com\/wp-content\/uploads\/2022\/02\/7-0-Comedor.jpg\" alt=\"7-0 Comedor\" \/><div class=\"swiper-lazy-preloader\"><\/div><\/figure><\/a><\/div><div class=\"swiper-slide\" role=\"group\" aria-roledescription=\"slide\" aria-label=\"4 de 9\"><a data-elementor-open-lightbox=\"yes\" data-elementor-lightbox-slideshow=\"f8f3c94\" data-elementor-lightbox-title=\"7-3 Comedor\" data-e-action-hash=\"#elementor-action%3Aaction%3Dlightbox%26settings%3DeyJpZCI6NDk0LCJ1cmwiOiJodHRwczpcL1wvY2FzdGVsbGdyYW5hZGVsbGEuY29tXC93cC1jb250ZW50XC91cGxvYWRzXC8yMDIyXC8wMlwvNy0zLUNvbWVkb3IuanBnIiwic2xpZGVzaG93IjoiZjhmM2M5NCJ9\" href=\"https:\/\/castellgranadella.com\/wp-content\/uploads\/2022\/02\/7-3-Comedor.jpg\"><figure class=\"swiper-slide-inner\"><img class=\"swiper-slide-image swiper-lazy\" data-src=\"https:\/\/castellgranadella.com\/wp-content\/uploads\/2022\/02\/7-3-Comedor.jpg\" alt=\"7-3 Comedor\" \/><div class=\"swiper-lazy-preloader\"><\/div><\/figure><\/a><\/div><div class=\"swiper-slide\" role=\"group\" aria-roledescription=\"slide\" aria-label=\"5 de 9\"><a data-elementor-open-lightbox=\"yes\" data-elementor-lightbox-slideshow=\"f8f3c94\" data-elementor-lightbox-title=\"7-2 Comedor\" data-e-action-hash=\"#elementor-action%3Aaction%3Dlightbox%26settings%3DeyJpZCI6NDkyLCJ1cmwiOiJodHRwczpcL1wvY2FzdGVsbGdyYW5hZGVsbGEuY29tXC93cC1jb250ZW50XC91cGxvYWRzXC8yMDIyXC8wMlwvNy0yLUNvbWVkb3IuanBnIiwic2xpZGVzaG93IjoiZjhmM2M5NCJ9\" href=\"https:\/\/castellgranadella.com\/wp-content\/uploads\/2022\/02\/7-2-Comedor.jpg\"><figure class=\"swiper-slide-inner\"><img class=\"swiper-slide-image swiper-lazy\" data-src=\"https:\/\/castellgranadella.com\/wp-content\/uploads\/2022\/02\/7-2-Comedor.jpg\" alt=\"7-2 Comedor\" \/><div class=\"swiper-lazy-preloader\"><\/div><\/figure><\/a><\/div><div class=\"swiper-slide\" role=\"group\" aria-roledescription=\"slide\" aria-label=\"6 de 9\"><a data-elementor-open-lightbox=\"yes\" data-elementor-lightbox-slideshow=\"f8f3c94\" data-elementor-lightbox-title=\"7-1 Comedor\" data-e-action-hash=\"#elementor-action%3Aaction%3Dlightbox%26settings%3DeyJpZCI6NTAwLCJ1cmwiOiJodHRwczpcL1wvY2FzdGVsbGdyYW5hZGVsbGEuY29tXC93cC1jb250ZW50XC91cGxvYWRzXC8yMDIyXC8wMlwvNy0xLUNvbWVkb3IuanBnIiwic2xpZGVzaG93IjoiZjhmM2M5NCJ9\" href=\"https:\/\/castellgranadella.com\/wp-content\/uploads\/2022\/02\/7-1-Comedor.jpg\"><figure class=\"swiper-slide-inner\"><img class=\"swiper-slide-image swiper-lazy\" data-src=\"https:\/\/castellgranadella.com\/wp-content\/uploads\/2022\/02\/7-1-Comedor.jpg\" alt=\"7-1 Comedor\" \/><div class=\"swiper-lazy-preloader\"><\/div><\/figure><\/a><\/div><div class=\"swiper-slide\" role=\"group\" aria-roledescription=\"slide\" aria-label=\"7 de 9\"><a data-elementor-open-lightbox=\"yes\" data-elementor-lightbox-slideshow=\"f8f3c94\" data-elementor-lightbox-title=\"inicio-hotel-07\" data-e-action-hash=\"#elementor-action%3Aaction%3Dlightbox%26settings%3DeyJpZCI6MTQ0NCwidXJsIjoiaHR0cHM6XC9cL2Nhc3RlbGxncmFuYWRlbGxhLmNvbVwvd3AtY29udGVudFwvdXBsb2Fkc1wvMjAyNVwvMDhcL2luaWNpby1ob3RlbC0wNy5qcGciLCJzbGlkZXNob3ciOiJmOGYzYzk0In0%3D\" href=\"https:\/\/castellgranadella.com\/wp-content\/uploads\/2025\/08\/inicio-hotel-07.jpg\"><figure class=\"swiper-slide-inner\"><img class=\"swiper-slide-image swiper-lazy\" data-src=\"https:\/\/castellgranadella.com\/wp-content\/uploads\/2025\/08\/inicio-hotel-07.jpg\" alt=\"inicio-hotel-07\" \/><div class=\"swiper-lazy-preloader\"><\/div><\/figure><\/a><\/div><div class=\"swiper-slide\" role=\"group\" aria-roledescription=\"slide\" aria-label=\"8 de 9\"><a data-elementor-open-lightbox=\"yes\" data-elementor-lightbox-slideshow=\"f8f3c94\" data-elementor-lightbox-title=\"inicio-hotel-08\" data-e-action-hash=\"#elementor-action%3Aaction%3Dlightbox%26settings%3DeyJpZCI6MTQ0NSwidXJsIjoiaHR0cHM6XC9cL2Nhc3RlbGxncmFuYWRlbGxhLmNvbVwvd3AtY29udGVudFwvdXBsb2Fkc1wvMjAyNVwvMDhcL2luaWNpby1ob3RlbC0wOC5qcGciLCJzbGlkZXNob3ciOiJmOGYzYzk0In0%3D\" href=\"https:\/\/castellgranadella.com\/wp-content\/uploads\/2025\/08\/inicio-hotel-08.jpg\"><figure class=\"swiper-slide-inner\"><img class=\"swiper-slide-image swiper-lazy\" data-src=\"https:\/\/castellgranadella.com\/wp-content\/uploads\/2025\/08\/inicio-hotel-08.jpg\" alt=\"inicio-hotel-08\" \/><div class=\"swiper-lazy-preloader\"><\/div><\/figure><\/a><\/div><div class=\"swiper-slide\" role=\"group\" aria-roledescription=\"slide\" aria-label=\"9 de 9\"><a data-elementor-open-lightbox=\"yes\" data-elementor-lightbox-slideshow=\"f8f3c94\" data-elementor-lightbox-title=\"inicio-hotel-09\" data-e-action-hash=\"#elementor-action%3Aaction%3Dlightbox%26settings%3DeyJpZCI6MTQ0NiwidXJsIjoiaHR0cHM6XC9cL2Nhc3RlbGxncmFuYWRlbGxhLmNvbVwvd3AtY29udGVudFwvdXBsb2Fkc1wvMjAyNVwvMDhcL2luaWNpby1ob3RlbC0wOS5qcGciLCJzbGlkZXNob3ciOiJmOGYzYzk0In0%3D\" href=\"https:\/\/castellgranadella.com\/wp-content\/uploads\/2025\/08\/inicio-hotel-09.jpg\"><figure class=\"swiper-slide-inner\"><img class=\"swiper-slide-image swiper-lazy\" data-src=\"https:\/\/castellgranadella.com\/wp-content\/uploads\/2025\/08\/inicio-hotel-09.jpg\" alt=\"inicio-hotel-09\" \/><div class=\"swiper-lazy-preloader\"><\/div><\/figure><\/a><\/div>\t\t\t<\/div>\n\t\t\t\t\t\t\t\t\t\t\t\t<div class=\"elementor-swiper-button elementor-swiper-button-prev\" role=\"button\" tabindex=\"0\">\n\t\t\t\t\t\t<svg aria-hidden=\"true\" class=\"e-font-icon-svg e-eicon-chevron-left\" viewbox=\"0 0 1000 1000\" xmlns=\"http:\/\/www.w3.org\/2000\/svg\"><path d=\"M646 125C629 125 613 133 604 142L308 442C296 454 292 471 292 487 292 504 296 521 308 533L604 854C617 867 629 875 646 875 663 875 679 871 692 858 704 846 713 829 713 812 713 796 708 779 692 767L438 487 692 225C700 217 708 204 708 187 708 171 704 154 692 142 675 129 663 125 646 125Z\"><\/path><\/svg>\t\t\t\t\t<\/div>\n\t\t\t\t\t<div class=\"elementor-swiper-button elementor-swiper-button-next\" role=\"button\" tabindex=\"0\">\n\t\t\t\t\t\t<svg aria-hidden=\"true\" class=\"e-font-icon-svg e-eicon-chevron-right\" viewbox=\"0 0 1000 1000\" xmlns=\"http:\/\/www.w3.org\/2000\/svg\"><path d=\"M696 533C708 521 713 504 713 487 713 471 708 454 696 446L400 146C388 133 375 125 354 125 338 125 325 129 313 142 300 154 292 171 292 187 292 204 296 221 308 233L563 492 304 771C292 783 288 800 288 817 288 833 296 850 308 863 321 871 338 875 354 875 371 875 388 867 400 854L696 533Z\"><\/path><\/svg>\t\t\t\t\t<\/div>\n\t\t\t\t\n\t\t\t\t\t\t\t\t\t<div class=\"swiper-pagination\"><\/div>\n\t\t\t\t\t\t\t\t\t<\/div>\n\t\t\t\t\t\t<\/div>\n\t\t\t\t<\/div>\n\t\t\t\t\t<\/div>\n\t\t<\/div>\n\t\t\t\t<div class=\"elementor-column elementor-col-50 elementor-top-column elementor-element elementor-element-5de15147\" data-id=\"5de15147\" data-element_type=\"column\">\n\t\t\t<div class=\"elementor-widget-wrap elementor-element-populated\">\n\t\t\t\t\t\t<div class=\"elementor-element elementor-element-1650c52f elementor-widget elementor-widget-heading\" data-id=\"1650c52f\" data-element_type=\"widget\" data-widget_type=\"heading.default\">\n\t\t\t\t<div class=\"elementor-widget-container\">\n\t\t\t\t\t<h4 class=\"elementor-heading-title elementor-size-default\">El castell<\/h4>\t\t\t\t<\/div>\n\t\t\t\t<\/div>\n\t\t\t\t<div class=\"elementor-element elementor-element-573e11cf elementor-widget elementor-widget-text-editor\" data-id=\"573e11cf\" data-element_type=\"widget\" data-widget_type=\"text-editor.default\">\n\t\t\t\t<div class=\"elementor-widget-container\">\n\t\t\t\t\t\t\t\t\t<p>Benvinguts a la nostra magn\u00edfica casa senyorial, part d'un antic castell del segle XII, ara restaurada meticulosament!<\/p><p>Aqu\u00ed, la hist\u00f2ria s'entrella\u00e7a amb la modernitat: hem conservat amb cura els elements caracter\u00edstics de la seva \u00e8poca, fusionant-los amb les comoditats contempor\u00e0nies. Us convidem a explorar i descobrir com l'eleg\u00e0ncia hist\u00f2rica es combina harmoniosament amb el confort del segle XXI.<\/p>\t\t\t\t\t\t\t\t<\/div>\n\t\t\t\t<\/div>\n\t\t\t\t\t<\/div>\n\t\t<\/div>\n\t\t\t\t\t<\/div>\n\t\t<\/section>\n\t\t\t\t<section class=\"elementor-section elementor-top-section elementor-element elementor-element-51e97c9f elementor-reverse-mobile elementor-section-boxed elementor-section-height-default elementor-section-height-default\" data-id=\"51e97c9f\" data-element_type=\"section\" data-settings=\"{&quot;background_background&quot;:&quot;classic&quot;}\">\n\t\t\t\t\t\t<div class=\"elementor-container elementor-column-gap-default\">\n\t\t\t\t\t<div class=\"elementor-column elementor-col-50 elementor-top-column elementor-element elementor-element-14bcedb1\" data-id=\"14bcedb1\" data-element_type=\"column\">\n\t\t\t<div class=\"elementor-widget-wrap elementor-element-populated\">\n\t\t\t\t\t\t<div class=\"elementor-element elementor-element-c20a882 elementor-widget elementor-widget-heading\" data-id=\"c20a882\" data-element_type=\"widget\" data-widget_type=\"heading.default\">\n\t\t\t\t<div class=\"elementor-widget-container\">\n\t\t\t\t\t<h4 class=\"elementor-heading-title elementor-size-default\">Habitacions<\/h4>\t\t\t\t<\/div>\n\t\t\t\t<\/div>\n\t\t\t\t<div class=\"elementor-element elementor-element-40291b5e elementor-widget elementor-widget-text-editor\" data-id=\"40291b5e\" data-element_type=\"widget\" data-widget_type=\"text-editor.default\">\n\t\t\t\t<div class=\"elementor-widget-container\">\n\t\t\t\t\t\t\t\t\t<p>Descobreix l'encant de les nostres habitacions, acuradament restaurades per reflectir la grandesa del passat amb un toc de modernitat.<\/p><p>Cada espai ha estat renovat respectant l'arquitectura hist\u00f2rica complementada amb detalls contemporanis per al m\u00e0xim confort. Descobreix com el passat i el present es fonen en un ambient \u00fanic, creant una experi\u00e8ncia inoblidable a cada estada.<\/p>\t\t\t\t\t\t\t\t<\/div>\n\t\t\t\t<\/div>\n\t\t\t\t\t<\/div>\n\t\t<\/div>\n\t\t\t\t<div class=\"elementor-column elementor-col-50 elementor-top-column elementor-element elementor-element-15826b6b\" data-id=\"15826b6b\" data-element_type=\"column\">\n\t\t\t<div class=\"elementor-widget-wrap elementor-element-populated\">\n\t\t\t\t\t\t<div class=\"elementor-element elementor-element-ba04c68 elementor-arrows-position-inside elementor-pagination-position-outside elementor-widget elementor-widget-global elementor-global-1466 elementor-widget-image-carousel\" data-id=\"ba04c68\" data-element_type=\"widget\" data-settings=\"{&quot;slides_to_show&quot;:&quot;1&quot;,&quot;lazyload&quot;:&quot;yes&quot;,&quot;navigation&quot;:&quot;both&quot;,&quot;autoplay&quot;:&quot;yes&quot;,&quot;pause_on_hover&quot;:&quot;yes&quot;,&quot;pause_on_interaction&quot;:&quot;yes&quot;,&quot;autoplay_speed&quot;:5000,&quot;infinite&quot;:&quot;yes&quot;,&quot;effect&quot;:&quot;slide&quot;,&quot;speed&quot;:500}\" data-widget_type=\"image-carousel.default\">\n\t\t\t\t<div class=\"elementor-widget-container\">\n\t\t\t\t\t\t\t<div class=\"elementor-image-carousel-wrapper swiper\" role=\"region\" aria-roledescription=\"carousel\" aria-label=\"Carrusel de im\u00e1genes\" dir=\"ltr\">\n\t\t\t<div class=\"elementor-image-carousel swiper-wrapper swiper-image-stretch\" aria-live=\"off\">\n\t\t\t\t\t\t\t\t<div class=\"swiper-slide\" role=\"group\" aria-roledescription=\"slide\" aria-label=\"1 de 7\"><a data-elementor-open-lightbox=\"yes\" data-elementor-lightbox-slideshow=\"ba04c68\" data-elementor-lightbox-title=\"inicio-habitacion-01\" data-e-action-hash=\"#elementor-action%3Aaction%3Dlightbox%26settings%3DeyJpZCI6MTQ1MywidXJsIjoiaHR0cHM6XC9cL2Nhc3RlbGxncmFuYWRlbGxhLmNvbVwvd3AtY29udGVudFwvdXBsb2Fkc1wvMjAyNVwvMDhcL2luaWNpby1oYWJpdGFjaW9uLTAxLmpwZyIsInNsaWRlc2hvdyI6ImJhMDRjNjgifQ%3D%3D\" href=\"https:\/\/castellgranadella.com\/wp-content\/uploads\/2025\/08\/inicio-habitacion-01.jpg\"><figure class=\"swiper-slide-inner\"><img class=\"swiper-slide-image swiper-lazy\" data-src=\"https:\/\/castellgranadella.com\/wp-content\/uploads\/2025\/08\/inicio-habitacion-01.jpg\" alt=\"inicio-habitacion-01\" \/><div class=\"swiper-lazy-preloader\"><\/div><\/figure><\/a><\/div><div class=\"swiper-slide\" role=\"group\" aria-roledescription=\"slide\" aria-label=\"2 de 7\"><a data-elementor-open-lightbox=\"yes\" data-elementor-lightbox-slideshow=\"ba04c68\" data-elementor-lightbox-title=\"inicio-habitacion-02\" data-e-action-hash=\"#elementor-action%3Aaction%3Dlightbox%26settings%3DeyJpZCI6MTQ1NCwidXJsIjoiaHR0cHM6XC9cL2Nhc3RlbGxncmFuYWRlbGxhLmNvbVwvd3AtY29udGVudFwvdXBsb2Fkc1wvMjAyNVwvMDhcL2luaWNpby1oYWJpdGFjaW9uLTAyLmpwZyIsInNsaWRlc2hvdyI6ImJhMDRjNjgifQ%3D%3D\" href=\"https:\/\/castellgranadella.com\/wp-content\/uploads\/2025\/08\/inicio-habitacion-02.jpg\"><figure class=\"swiper-slide-inner\"><img class=\"swiper-slide-image swiper-lazy\" data-src=\"https:\/\/castellgranadella.com\/wp-content\/uploads\/2025\/08\/inicio-habitacion-02.jpg\" alt=\"inicio-habitacion-02\" \/><div class=\"swiper-lazy-preloader\"><\/div><\/figure><\/a><\/div><div class=\"swiper-slide\" role=\"group\" aria-roledescription=\"slide\" aria-label=\"3 de 7\"><a data-elementor-open-lightbox=\"yes\" data-elementor-lightbox-slideshow=\"ba04c68\" data-elementor-lightbox-title=\"inicio-habitacion-03\" data-e-action-hash=\"#elementor-action%3Aaction%3Dlightbox%26settings%3DeyJpZCI6MTQ1NSwidXJsIjoiaHR0cHM6XC9cL2Nhc3RlbGxncmFuYWRlbGxhLmNvbVwvd3AtY29udGVudFwvdXBsb2Fkc1wvMjAyNVwvMDhcL2luaWNpby1oYWJpdGFjaW9uLTAzLmpwZyIsInNsaWRlc2hvdyI6ImJhMDRjNjgifQ%3D%3D\" href=\"https:\/\/castellgranadella.com\/wp-content\/uploads\/2025\/08\/inicio-habitacion-03.jpg\"><figure class=\"swiper-slide-inner\"><img class=\"swiper-slide-image swiper-lazy\" data-src=\"https:\/\/castellgranadella.com\/wp-content\/uploads\/2025\/08\/inicio-habitacion-03.jpg\" alt=\"inicio-habitacion-03\" \/><div class=\"swiper-lazy-preloader\"><\/div><\/figure><\/a><\/div><div class=\"swiper-slide\" role=\"group\" aria-roledescription=\"slide\" aria-label=\"4 de 7\"><a data-elementor-open-lightbox=\"yes\" data-elementor-lightbox-slideshow=\"ba04c68\" data-elementor-lightbox-title=\"inicio-habitacion-04\" data-e-action-hash=\"#elementor-action%3Aaction%3Dlightbox%26settings%3DeyJpZCI6MTQ1NiwidXJsIjoiaHR0cHM6XC9cL2Nhc3RlbGxncmFuYWRlbGxhLmNvbVwvd3AtY29udGVudFwvdXBsb2Fkc1wvMjAyNVwvMDhcL2luaWNpby1oYWJpdGFjaW9uLTA0LmpwZyIsInNsaWRlc2hvdyI6ImJhMDRjNjgifQ%3D%3D\" href=\"https:\/\/castellgranadella.com\/wp-content\/uploads\/2025\/08\/inicio-habitacion-04.jpg\"><figure class=\"swiper-slide-inner\"><img class=\"swiper-slide-image swiper-lazy\" data-src=\"https:\/\/castellgranadella.com\/wp-content\/uploads\/2025\/08\/inicio-habitacion-04.jpg\" alt=\"inicio-habitacion-04\" \/><div class=\"swiper-lazy-preloader\"><\/div><\/figure><\/a><\/div><div class=\"swiper-slide\" role=\"group\" aria-roledescription=\"slide\" aria-label=\"5 de 7\"><a data-elementor-open-lightbox=\"yes\" data-elementor-lightbox-slideshow=\"ba04c68\" data-elementor-lightbox-title=\"inicio-habitacion-05\" data-e-action-hash=\"#elementor-action%3Aaction%3Dlightbox%26settings%3DeyJpZCI6MTQ1NywidXJsIjoiaHR0cHM6XC9cL2Nhc3RlbGxncmFuYWRlbGxhLmNvbVwvd3AtY29udGVudFwvdXBsb2Fkc1wvMjAyNVwvMDhcL2luaWNpby1oYWJpdGFjaW9uLTA1LmpwZyIsInNsaWRlc2hvdyI6ImJhMDRjNjgifQ%3D%3D\" href=\"https:\/\/castellgranadella.com\/wp-content\/uploads\/2025\/08\/inicio-habitacion-05.jpg\"><figure class=\"swiper-slide-inner\"><img class=\"swiper-slide-image swiper-lazy\" data-src=\"https:\/\/castellgranadella.com\/wp-content\/uploads\/2025\/08\/inicio-habitacion-05.jpg\" alt=\"inicio-habitacion-05\" \/><div class=\"swiper-lazy-preloader\"><\/div><\/figure><\/a><\/div><div class=\"swiper-slide\" role=\"group\" aria-roledescription=\"slide\" aria-label=\"6 de 7\"><a data-elementor-open-lightbox=\"yes\" data-elementor-lightbox-slideshow=\"ba04c68\" data-elementor-lightbox-title=\"inicio-habitacion-06\" data-e-action-hash=\"#elementor-action%3Aaction%3Dlightbox%26settings%3DeyJpZCI6MTQ1OCwidXJsIjoiaHR0cHM6XC9cL2Nhc3RlbGxncmFuYWRlbGxhLmNvbVwvd3AtY29udGVudFwvdXBsb2Fkc1wvMjAyNVwvMDhcL2luaWNpby1oYWJpdGFjaW9uLTA2LmpwZyIsInNsaWRlc2hvdyI6ImJhMDRjNjgifQ%3D%3D\" href=\"https:\/\/castellgranadella.com\/wp-content\/uploads\/2025\/08\/inicio-habitacion-06.jpg\"><figure class=\"swiper-slide-inner\"><img class=\"swiper-slide-image swiper-lazy\" data-src=\"https:\/\/castellgranadella.com\/wp-content\/uploads\/2025\/08\/inicio-habitacion-06.jpg\" alt=\"inicio-habitacion-06\" \/><div class=\"swiper-lazy-preloader\"><\/div><\/figure><\/a><\/div><div class=\"swiper-slide\" role=\"group\" aria-roledescription=\"slide\" aria-label=\"7 de 7\"><a data-elementor-open-lightbox=\"yes\" data-elementor-lightbox-slideshow=\"ba04c68\" data-elementor-lightbox-title=\"inicio-habitacion-07\" data-e-action-hash=\"#elementor-action%3Aaction%3Dlightbox%26settings%3DeyJpZCI6MTQ1OSwidXJsIjoiaHR0cHM6XC9cL2Nhc3RlbGxncmFuYWRlbGxhLmNvbVwvd3AtY29udGVudFwvdXBsb2Fkc1wvMjAyNVwvMDhcL2luaWNpby1oYWJpdGFjaW9uLTA3LmpwZyIsInNsaWRlc2hvdyI6ImJhMDRjNjgifQ%3D%3D\" href=\"https:\/\/castellgranadella.com\/wp-content\/uploads\/2025\/08\/inicio-habitacion-07.jpg\"><figure class=\"swiper-slide-inner\"><img class=\"swiper-slide-image swiper-lazy\" data-src=\"https:\/\/castellgranadella.com\/wp-content\/uploads\/2025\/08\/inicio-habitacion-07.jpg\" alt=\"inicio-habitacion-07\" \/><div class=\"swiper-lazy-preloader\"><\/div><\/figure><\/a><\/div>\t\t\t<\/div>\n\t\t\t\t\t\t\t\t\t\t\t\t<div class=\"elementor-swiper-button elementor-swiper-button-prev\" role=\"button\" tabindex=\"0\">\n\t\t\t\t\t\t<svg aria-hidden=\"true\" class=\"e-font-icon-svg e-eicon-chevron-left\" viewbox=\"0 0 1000 1000\" xmlns=\"http:\/\/www.w3.org\/2000\/svg\"><path d=\"M646 125C629 125 613 133 604 142L308 442C296 454 292 471 292 487 292 504 296 521 308 533L604 854C617 867 629 875 646 875 663 875 679 871 692 858 704 846 713 829 713 812 713 796 708 779 692 767L438 487 692 225C700 217 708 204 708 187 708 171 704 154 692 142 675 129 663 125 646 125Z\"><\/path><\/svg>\t\t\t\t\t<\/div>\n\t\t\t\t\t<div class=\"elementor-swiper-button elementor-swiper-button-next\" role=\"button\" tabindex=\"0\">\n\t\t\t\t\t\t<svg aria-hidden=\"true\" class=\"e-font-icon-svg e-eicon-chevron-right\" viewbox=\"0 0 1000 1000\" xmlns=\"http:\/\/www.w3.org\/2000\/svg\"><path d=\"M696 533C708 521 713 504 713 487 713 471 708 454 696 446L400 146C388 133 375 125 354 125 338 125 325 129 313 142 300 154 292 171 292 187 292 204 296 221 308 233L563 492 304 771C292 783 288 800 288 817 288 833 296 850 308 863 321 871 338 875 354 875 371 875 388 867 400 854L696 533Z\"><\/path><\/svg>\t\t\t\t\t<\/div>\n\t\t\t\t\n\t\t\t\t\t\t\t\t\t<div class=\"swiper-pagination\"><\/div>\n\t\t\t\t\t\t\t\t\t<\/div>\n\t\t\t\t\t\t<\/div>\n\t\t\t\t<\/div>\n\t\t\t\t\t<\/div>\n\t\t<\/div>\n\t\t\t\t\t<\/div>\n\t\t<\/section>\n\t\t\t\t<\/div>","protected":false},"excerpt":{"rendered":"<p>Castell Granadella, hotel rural en un castillo Castell Granadella es un proyecto familiar de restauraci\u00f3n de una casa se\u00f1orial ubicada en un fragmento de un antiguo castillo del siglo XII. La hemos restaurado meticulosamente para que puedas vivir la experiencia de alojarte en ella mientras visitas el maravilloso paraje natural del Delta del Ebro. El &#8230; <a title=\"Sobre el castell\" class=\"read-more\" href=\"https:\/\/castellgranadella.com\/ca\/sobre-el-castillo\">Llegiu m\u00e9s <span class=\"screen-reader-text\">Sobre el castell<\/span><\/a><\/p>","protected":false},"author":2,"featured_media":0,"parent":0,"menu_order":0,"comment_status":"closed","ping_status":"closed","template":"elementor_header_footer","meta":{"footnotes":""},"class_list":["post-1240","page","type-page","status-publish"],"_links":{"self":[{"href":"https:\/\/castellgranadella.com\/ca\/wp-json\/wp\/v2\/pages\/1240","targetHints":{"allow":["GET"]}}],"collection":[{"href":"https:\/\/castellgranadella.com\/ca\/wp-json\/wp\/v2\/pages"}],"about":[{"href":"https:\/\/castellgranadella.com\/ca\/wp-json\/wp\/v2\/types\/page"}],"author":[{"embeddable":true,"href":"https:\/\/castellgranadella.com\/ca\/wp-json\/wp\/v2\/users\/2"}],"replies":[{"embeddable":true,"href":"https:\/\/castellgranadella.com\/ca\/wp-json\/wp\/v2\/comments?post=1240"}],"version-history":[{"count":10,"href":"https:\/\/castellgranadella.com\/ca\/wp-json\/wp\/v2\/pages\/1240\/revisions"}],"predecessor-version":[{"id":1481,"href":"https:\/\/castellgranadella.com\/ca\/wp-json\/wp\/v2\/pages\/1240\/revisions\/1481"}],"wp:attachment":[{"href":"https:\/\/castellgranadella.com\/ca\/wp-json\/wp\/v2\/media?parent=1240"}],"curies":[{"name":"wp","href":"https:\/\/api.w.org\/{rel}","templated":true}]}}